{"id":226,"date":"2025-08-13T10:53:09","date_gmt":"2025-08-13T13:53:09","guid":{"rendered":"https:\/\/esquel.org.ar\/prensa\/?page_id=226"},"modified":"2025-08-13T11:14:32","modified_gmt":"2025-08-13T14:14:32","slug":"jose-hector-campora","status":"publish","type":"page","link":"https:\/\/esquel.org.ar\/prensa\/jose-hector-campora\/","title":{"rendered":"Jos\u00e9 H\u00e9ctor C\u00e1mpora"},"content":{"rendered":"\n<div class=\"wp-block-cover alignfull is-light\" style=\"min-height:600px;aspect-ratio:unset;\"><img fetchpriority=\"high\" decoding=\"async\" width=\"1921\" height=\"822\" class=\"wp-block-cover__image-background wp-image-27 size-full\" alt=\"\" src=\"https:\/\/esquel.org.ar\/prensa\/wp-content\/uploads\/2025\/07\/san-martin3-1.jpg\" data-object-fit=\"cover\" srcset=\"https:\/\/esquel.org.ar\/prensa\/wp-content\/uploads\/2025\/07\/san-martin3-1.jpg 1921w, https:\/\/esquel.org.ar\/prensa\/wp-content\/uploads\/2025\/07\/san-martin3-1-300x128.jpg 300w, https:\/\/esquel.org.ar\/prensa\/wp-content\/uploads\/2025\/07\/san-martin3-1-1024x438.jpg 1024w, https:\/\/esquel.org.ar\/prensa\/wp-content\/uploads\/2025\/07\/san-martin3-1-768x329.jpg 768w, https:\/\/esquel.org.ar\/prensa\/wp-content\/uploads\/2025\/07\/san-martin3-1-1536x657.jpg 1536w\" sizes=\"(max-width: 1921px) 100vw, 1921px\" \/><span aria-hidden=\"true\" class=\"wp-block-cover__background has-background-dim-20 has-background-dim\" style=\"background-color:#7084aa\"><\/span><div class=\"wp-block-cover__inner-container is-layout-flow wp-block-cover-is-layout-flow\">\n<h1 class=\"wp-block-heading has-text-align-center has-ast-global-color-4-color has-text-color has-link-color has-x-large-font-size wp-elements-dd2ebcdf48085a1782eab52b131017fd\">Jos\u00e9 H\u00e9ctor C\u00e1mpora<\/h1>\n<\/div><\/div>\n\n\n\n<p class=\"has-text-align-left\" style=\"border-style:none;border-width:0px;margin-top:0;margin-right:var(--wp--preset--spacing--80);margin-bottom:0;margin-left:var(--wp--preset--spacing--80);padding-top:0;padding-right:var(--wp--preset--spacing--80);padding-bottom:0;padding-left:var(--wp--preset--spacing--80)\"><\/p>\n\n\n\n<hr class=\"wp-block-separator has-alpha-channel-opacity\"\/>\n\n\n\n<p><\/p>\n\n\n\n<div class=\"wp-block-media-text is-stacked-on-mobile is-vertically-aligned-center\" style=\"padding-right:2rem;padding-left:2rem\"><figure class=\"wp-block-media-text__media\"><img decoding=\"async\" width=\"1024\" height=\"683\" src=\"https:\/\/esquel.org.ar\/prensa\/wp-content\/uploads\/2025\/07\/bacheo-1-1024x683.jpeg\" alt=\"\" class=\"wp-image-35 size-full\" srcset=\"https:\/\/esquel.org.ar\/prensa\/wp-content\/uploads\/2025\/07\/bacheo-1-1024x683.jpeg 1024w, https:\/\/esquel.org.ar\/prensa\/wp-content\/uploads\/2025\/07\/bacheo-1-300x200.jpeg 300w, https:\/\/esquel.org.ar\/prensa\/wp-content\/uploads\/2025\/07\/bacheo-1-768x512.jpeg 768w, https:\/\/esquel.org.ar\/prensa\/wp-content\/uploads\/2025\/07\/bacheo-1-1536x1024.jpeg 1536w, https:\/\/esquel.org.ar\/prensa\/wp-content\/uploads\/2025\/07\/bacheo-1-2048x1365.jpeg 2048w\" sizes=\"(max-width: 1024px) 100vw, 1024px\" \/><\/figure><div class=\"wp-block-media-text__content\">\n<p>H\u00e9ctor Jos\u00e9 C\u00e1mpora (1909\u20131980) fue un pol\u00edtico y odont\u00f3logo argentino, estrechamente vinculado al peronismo desde sus inicios. Nacido en Mercedes, provincia de Buenos Aires, se destac\u00f3 por su lealtad a Juan Domingo Per\u00f3n, llegando a ser presidente de la C\u00e1mara de Diputados durante el primer gobierno peronista.<\/p>\n\n\n\n<p>En 1973, ante la imposibilidad legal de que Per\u00f3n se postulara, C\u00e1mpora fue elegido presidente como candidato del Frente Justicialista de Liberaci\u00f3n (FREJULI), bajo el lema &#8220;C\u00e1mpora al gobierno, Per\u00f3n al poder&#8221;. Asumi\u00f3 el 25 de mayo de ese a\u00f1o, marcando el fin de 18 a\u00f1os de proscripci\u00f3n del peronismo.<\/p>\n\n\n\n<p>Su breve mandato de 49 d\u00edas, conocido como la &#8220;primavera camporista&#8221;, se caracteriz\u00f3 por una apertura pol\u00edtica y social, incluyendo la liberaci\u00f3n de presos pol\u00edticos y la implementaci\u00f3n de pol\u00edticas de di\u00e1logo social, como el Pacto Social entre el gobierno, sindicatos y empresarios.<\/p>\n\n\n\n<p>El 13 de julio de 1973, C\u00e1mpora renunci\u00f3 para facilitar el regreso de Per\u00f3n al poder. Posteriormente, se desempe\u00f1\u00f3 como embajador en M\u00e9xico y, tras el golpe de Estado de 1976, se exili\u00f3 en ese pa\u00eds. Falleci\u00f3 en Cuernavaca en 1980.<\/p>\n\n\n\n<p>Su legado perdura como s\u00edmbolo de lealtad al peronismo y de compromiso con la democracia y la justicia social.<\/p>\n<\/div><\/div>\n\n\n\n<div style=\"height:100px\" aria-hidden=\"true\" class=\"wp-block-spacer\"><\/div>\n\n\n\n<div style=\"text-align: center;\">\n<iframe src=\"https:\/\/www.google.com\/maps\/embed?pb=!1m14!1m12!1m3!1d868.9348137664385!2d-71.29994381090775!3d-42.89950209114129!2m3!1f0!2f0!3f0!3m2!1i1024!2i768!4f13.1!5e0!3m2!1ses-419!2sar!4v1755092588207!5m2!1ses-419!2sar\" width=\"600\" height=\"450\" style=\"border:0;\" allowfullscreen=\"\" loading=\"lazy\" referrerpolicy=\"no-referrer-when-downgrade\"><\/iframe>\n<\/div>\n\n\n\n<div style=\"height:100px\" aria-hidden=\"true\" class=\"wp-block-spacer\"><\/div>\n\n\n\n<p><\/p>\n","protected":false},"excerpt":{"rendered":"<p>H\u00e9ctor Jos\u00e9 C\u00e1mpora (1909\u20131980) fue un pol\u00edtico y odont\u00f3logo argentino, estrechamente vinculado al peronismo desde sus inicios. Nacido en Mercedes, [&hellip;]<\/p>\n","protected":false},"author":1,"featured_media":0,"parent":0,"menu_order":0,"comment_status":"closed","ping_status":"closed","template":"","meta":{"site-sidebar-layout":"default","site-content-layout":"","ast-site-content-layout":"default","site-content-style":"default","site-sidebar-style":"default","ast-global-header-display":"","ast-banner-title-visibility":"","ast-main-header-display":"","ast-hfb-above-header-display":"","ast-hfb-below-header-display":"","ast-hfb-mobile-header-display":"","site-post-title":"disabled","ast-breadcrumbs-content":"","ast-featured-img":"","footer-sml-layout":"","theme-transparent-header-meta":"","adv-header-id-meta":"","stick-header-meta":"","header-above-stick-meta":"","header-main-stick-meta":"","header-below-stick-meta":"","astra-migrate-meta-layouts":"default","ast-page-background-enabled":"default","ast-page-background-meta":{"desktop":{"background-color":"var(--ast-global-color-5)","background-image":"","background-repeat":"repeat","background-position":"center center","background-size":"auto","background-attachment":"scroll","background-type":"","background-media":"","overlay-type":"","overlay-color":"","overlay-opacity":"","overlay-gradient":""},"tablet":{"background-color":"","background-image":"","background-repeat":"repeat","background-position":"center center","background-size":"auto","background-attachment":"scroll","background-type":"","background-media":"","overlay-type":"","overlay-color":"","overlay-opacity":"","overlay-gradient":""},"mobile":{"background-color":"","background-image":"","background-repeat":"repeat","background-position":"center center","background-size":"auto","background-attachment":"scroll","background-type":"","background-media":"","overlay-type":"","overlay-color":"","overlay-opacity":"","overlay-gradient":""}},"ast-content-background-meta":{"desktop":{"background-color":"var(--ast-global-color-4)","background-image":"","background-repeat":"repeat","background-position":"center center","background-size":"auto","background-attachment":"scroll","background-type":"","background-media":"","overlay-type":"","overlay-color":"","overlay-opacity":"","overlay-gradient":""},"tablet":{"background-color":"var(--ast-global-color-4)","background-image":"","background-repeat":"repeat","background-position":"center center","background-size":"auto","background-attachment":"scroll","background-type":"","background-media":"","overlay-type":"","overlay-color":"","overlay-opacity":"","overlay-gradient":""},"mobile":{"background-color":"var(--ast-global-color-4)","background-image":"","background-repeat":"repeat","background-position":"center center","background-size":"auto","background-attachment":"scroll","background-type":"","background-media":"","overlay-type":"","overlay-color":"","overlay-opacity":"","overlay-gradient":""}},"footnotes":""},"class_list":["post-226","page","type-page","status-publish","hentry"],"_links":{"self":[{"href":"https:\/\/esquel.org.ar\/prensa\/wp-json\/wp\/v2\/pages\/226","targetHints":{"allow":["GET"]}}],"collection":[{"href":"https:\/\/esquel.org.ar\/prensa\/wp-json\/wp\/v2\/pages"}],"about":[{"href":"https:\/\/esquel.org.ar\/prensa\/wp-json\/wp\/v2\/types\/page"}],"author":[{"embeddable":true,"href":"https:\/\/esquel.org.ar\/prensa\/wp-json\/wp\/v2\/users\/1"}],"replies":[{"embeddable":true,"href":"https:\/\/esquel.org.ar\/prensa\/wp-json\/wp\/v2\/comments?post=226"}],"version-history":[{"count":2,"href":"https:\/\/esquel.org.ar\/prensa\/wp-json\/wp\/v2\/pages\/226\/revisions"}],"predecessor-version":[{"id":228,"href":"https:\/\/esquel.org.ar\/prensa\/wp-json\/wp\/v2\/pages\/226\/revisions\/228"}],"wp:attachment":[{"href":"https:\/\/esquel.org.ar\/prensa\/wp-json\/wp\/v2\/media?parent=226"}],"curies":[{"name":"wp","href":"https:\/\/api.w.org\/{rel}","templated":true}]}}