{"id":16,"date":"2025-07-10T09:31:12","date_gmt":"2025-07-10T12:31:12","guid":{"rendered":"https:\/\/esquel.org.ar\/prensa\/?page_id=16"},"modified":"2025-07-22T11:21:49","modified_gmt":"2025-07-22T14:21:49","slug":"pacheco","status":"publish","type":"page","link":"https:\/\/esquel.org.ar\/prensa\/pacheco\/","title":{"rendered":"Pacheco"},"content":{"rendered":"\n<div class=\"wp-block-cover is-light\" style=\"min-height:600px;aspect-ratio:unset;\"><img fetchpriority=\"high\" decoding=\"async\" width=\"1921\" height=\"822\" class=\"wp-block-cover__image-background wp-image-27 size-full\" alt=\"\" src=\"https:\/\/esquel.org.ar\/prensa\/wp-content\/uploads\/2025\/07\/san-martin3-1.jpg\" data-object-fit=\"cover\" srcset=\"https:\/\/esquel.org.ar\/prensa\/wp-content\/uploads\/2025\/07\/san-martin3-1.jpg 1921w, https:\/\/esquel.org.ar\/prensa\/wp-content\/uploads\/2025\/07\/san-martin3-1-300x128.jpg 300w, https:\/\/esquel.org.ar\/prensa\/wp-content\/uploads\/2025\/07\/san-martin3-1-1024x438.jpg 1024w, https:\/\/esquel.org.ar\/prensa\/wp-content\/uploads\/2025\/07\/san-martin3-1-768x329.jpg 768w, https:\/\/esquel.org.ar\/prensa\/wp-content\/uploads\/2025\/07\/san-martin3-1-1536x657.jpg 1536w\" sizes=\"(max-width: 1921px) 100vw, 1921px\" \/><span aria-hidden=\"true\" class=\"wp-block-cover__background has-background-dim-20 has-background-dim\" style=\"background-color:#7084aa\"><\/span><div class=\"wp-block-cover__inner-container is-layout-flow wp-block-cover-is-layout-flow\">\n<h1 class=\"wp-block-heading has-text-align-center has-ast-global-color-4-color has-text-color has-link-color has-x-large-font-size wp-elements-dd8f2ce650b9ae56f173d169094964cb\">General \u00c1ngel Pacheco<\/h1>\n<\/div><\/div>\n\n\n\n<p class=\"has-text-align-left\" style=\"border-style:none;border-width:0px;margin-top:0;margin-right:var(--wp--preset--spacing--80);margin-bottom:0;margin-left:var(--wp--preset--spacing--80);padding-top:0;padding-right:var(--wp--preset--spacing--80);padding-bottom:0;padding-left:var(--wp--preset--spacing--80)\"><\/p>\n\n\n\n<hr class=\"wp-block-separator has-alpha-channel-opacity\"\/>\n\n\n\n<p><\/p>\n\n\n\n<div class=\"wp-block-media-text is-stacked-on-mobile is-vertically-aligned-center\" style=\"padding-right:2rem;padding-left:2rem\"><figure class=\"wp-block-media-text__media\"><img decoding=\"async\" width=\"1024\" height=\"683\" src=\"https:\/\/esquel.org.ar\/prensa\/wp-content\/uploads\/2025\/07\/bacheo-1-1024x683.jpeg\" alt=\"\" class=\"wp-image-35 size-full\" srcset=\"https:\/\/esquel.org.ar\/prensa\/wp-content\/uploads\/2025\/07\/bacheo-1-1024x683.jpeg 1024w, https:\/\/esquel.org.ar\/prensa\/wp-content\/uploads\/2025\/07\/bacheo-1-300x200.jpeg 300w, https:\/\/esquel.org.ar\/prensa\/wp-content\/uploads\/2025\/07\/bacheo-1-768x512.jpeg 768w, https:\/\/esquel.org.ar\/prensa\/wp-content\/uploads\/2025\/07\/bacheo-1-1536x1024.jpeg 1536w, https:\/\/esquel.org.ar\/prensa\/wp-content\/uploads\/2025\/07\/bacheo-1-2048x1365.jpeg 2048w\" sizes=\"(max-width: 1024px) 100vw, 1024px\" \/><\/figure><div class=\"wp-block-media-text__content\">\n<p>Fue uno de los militares m\u00e1s destacados de la historia argentina, formado como oficial por el mism\u00edsimo Jos\u00e9 de San Mart\u00edn y conocido por nunca haber perdido una batalla bajo su mando.<\/p>\n\n\n\n<p class=\"has-text-align-left\" style=\"border-style:none;border-width:0px\">Nacido en Buenos Aires (aunque algunas fuentes mencionan Santiago de Chile), ingres\u00f3 muy joven al Regimiento de Patricios y luego pas\u00f3 a los Granaderos a Caballo. Particip\u00f3 en hitos de la independencia: San Lorenzo (1813), Puente de M\u00e1rquez, Sipe-Sipe, Chacabuco, Cancha Rayada y Maip\u00fa, entre otros.<\/p>\n\n\n\n<p class=\"has-text-align-left\" style=\"border-style:none;border-width:0px\">Durante la guerra contra Brasil se luci\u00f3 en combate, ascendiendo a coronel y luego liderando el Regimiento N\u00ba 3 de Caballer\u00eda. Ya como militar de la Confederaci\u00f3n bajo Juan Manuel de Rosas, dirigi\u00f3 campa\u00f1as contra fuerzas unitarias y conflictos fronterizos, manteniendo siempre su reputaci\u00f3n intacta.<\/p>\n\n\n\n<p class=\"has-text-align-left\" style=\"border-style:none;border-width:0px\">Gracias a sus servicios, recibi\u00f3 tierras en \u201cEl Talar\u201d (zona de Tigre), donde estableci\u00f3 una estancia modelo que dio origen al pueblo, y m\u00e1s tarde a la ciudad, que lleva hoy su nombre \u2013 General Pacheco. All\u00ed se construy\u00f3 su emblem\u00e1tica residencia, &#8220;El Castillo&#8221;, y se fundaron clubes deportivos, actividades culturales e incluso se realizaron eventos automovil\u00edsticos y teatrales al aire libre. Desempe\u00f1\u00f3 tambi\u00e9n roles pol\u00edticos: fue diputado provincial, representante en la legislatura bonaerense, Comandante en Jefe y Ministro de Guerra del Estado de Buenos Aires, y finalmente enviado especial en Brasil.<\/p>\n\n\n\n<p>Retirado en su estancia, falleci\u00f3 en Buenos Aires el 25 de septiembre de 1869, recibiendo elogios del general Bartolom\u00e9 Mitre que destacaron su servicio ejemplar.<\/p>\n<\/div><\/div>\n\n\n\n<div style=\"height:100px\" aria-hidden=\"true\" class=\"wp-block-spacer\"><\/div>\n\n\n\n<div style=\"text-align: center;\">\n<iframe src=\"https:\/\/www.google.com\/maps\/embed?pb=!1m14!1m12!1m3!1d2666.660609571155!2d-71.31031015703726!3d-42.90225352805771!2m3!1f0!2f0!3f0!3m2!1i1024!2i768!4f13.1!5e1!3m2!1ses!2sar!4v1752154071083!5m2!1ses!2sar\" width=\"600\" height=\"450\" style=\"border:0;\" allowfullscreen=\"\" loading=\"lazy\" referrerpolicy=\"no-referrer-when-downgrade\"><\/iframe>\n<\/div>\n\n\n\n<div style=\"height:100px\" aria-hidden=\"true\" class=\"wp-block-spacer\"><\/div>\n\n\n\n<p><\/p>\n","protected":false},"excerpt":{"rendered":"<p>Fue uno de los militares m\u00e1s destacados de la historia argentina, formado como oficial por el mism\u00edsimo Jos\u00e9 de San [&hellip;]<\/p>\n","protected":false},"author":1,"featured_media":0,"parent":0,"menu_order":0,"comment_status":"closed","ping_status":"closed","template":"","meta":{"site-sidebar-layout":"no-sidebar","site-content-layout":"","ast-site-content-layout":"full-width-container","site-content-style":"default","site-sidebar-style":"default","ast-global-header-display":"","ast-banner-title-visibility":"","ast-main-header-display":"","ast-hfb-above-header-display":"","ast-hfb-below-header-display":"","ast-hfb-mobile-header-display":"","site-post-title":"disabled","ast-breadcrumbs-content":"","ast-featured-img":"","footer-sml-layout":"","theme-transparent-header-meta":"","adv-header-id-meta":"","stick-header-meta":"","header-above-stick-meta":"","header-main-stick-meta":"","header-below-stick-meta":"","astra-migrate-meta-layouts":"default","ast-page-background-enabled":"default","ast-page-background-meta":{"desktop":{"background-color":"var(--ast-global-color-5)","background-image":"","background-repeat":"repeat","background-position":"center center","background-size":"auto","background-attachment":"scroll","background-type":"","background-media":"","overlay-type":"","overlay-color":"","overlay-opacity":"","overlay-gradient":""},"tablet":{"background-color":"","background-image":"","background-repeat":"repeat","background-position":"center center","background-size":"auto","background-attachment":"scroll","background-type":"","background-media":"","overlay-type":"","overlay-color":"","overlay-opacity":"","overlay-gradient":""},"mobile":{"background-color":"","background-image":"","background-repeat":"repeat","background-position":"center center","background-size":"auto","background-attachment":"scroll","background-type":"","background-media":"","overlay-type":"","overlay-color":"","overlay-opacity":"","overlay-gradient":""}},"ast-content-background-meta":{"desktop":{"background-color":"var(--ast-global-color-4)","background-image":"","background-repeat":"repeat","background-position":"center center","background-size":"auto","background-attachment":"scroll","background-type":"","background-media":"","overlay-type":"","overlay-color":"","overlay-opacity":"","overlay-gradient":""},"tablet":{"background-color":"var(--ast-global-color-4)","background-image":"","background-repeat":"repeat","background-position":"center center","background-size":"auto","background-attachment":"scroll","background-type":"","background-media":"","overlay-type":"","overlay-color":"","overlay-opacity":"","overlay-gradient":""},"mobile":{"background-color":"var(--ast-global-color-4)","background-image":"","background-repeat":"repeat","background-position":"center center","background-size":"auto","background-attachment":"scroll","background-type":"","background-media":"","overlay-type":"","overlay-color":"","overlay-opacity":"","overlay-gradient":""}},"footnotes":""},"class_list":["post-16","page","type-page","status-publish","hentry"],"_links":{"self":[{"href":"https:\/\/esquel.org.ar\/prensa\/wp-json\/wp\/v2\/pages\/16","targetHints":{"allow":["GET"]}}],"collection":[{"href":"https:\/\/esquel.org.ar\/prensa\/wp-json\/wp\/v2\/pages"}],"about":[{"href":"https:\/\/esquel.org.ar\/prensa\/wp-json\/wp\/v2\/types\/page"}],"author":[{"embeddable":true,"href":"https:\/\/esquel.org.ar\/prensa\/wp-json\/wp\/v2\/users\/1"}],"replies":[{"embeddable":true,"href":"https:\/\/esquel.org.ar\/prensa\/wp-json\/wp\/v2\/comments?post=16"}],"version-history":[{"count":19,"href":"https:\/\/esquel.org.ar\/prensa\/wp-json\/wp\/v2\/pages\/16\/revisions"}],"predecessor-version":[{"id":91,"href":"https:\/\/esquel.org.ar\/prensa\/wp-json\/wp\/v2\/pages\/16\/revisions\/91"}],"wp:attachment":[{"href":"https:\/\/esquel.org.ar\/prensa\/wp-json\/wp\/v2\/media?parent=16"}],"curies":[{"name":"wp","href":"https:\/\/api.w.org\/{rel}","templated":true}]}}